{"id":906,"date":"2023-04-26T12:40:18","date_gmt":"2023-04-26T12:40:18","guid":{"rendered":"https:\/\/quanticanimation.com\/nuestro-trabajo-de-animacion\/"},"modified":"2025-06-30T13:22:22","modified_gmt":"2025-06-30T13:22:22","slug":"nuestro-trabajo-de-animacion","status":"publish","type":"page","link":"https:\/\/quanticanimation.com\/es\/nuestro-trabajo-de-animacion\/","title":{"rendered":"NUESTRO TRABAJO DE ANIMACI\u00d3N"},"content":{"rendered":"<h5 class=\"has-text-align-center\">\u00a1Nos encantar\u00e1 que nos digas cu\u00e1l de nuestros trabajos de animaci\u00f3n es tu favorito! H\u00e1ganoslo saber en el <em><br \/>\n  <a href=\"https:\/\/quanticanimation.com\/es\/?page_id=573\">contacto<\/a><br \/>\n<\/em> o env\u00edenos un <em><a href=\"mailto:production@quanticanimation.com\">correo electr\u00f3nico<\/a> <\/em>\ud83d\ude42<\/h5>\n\n<p><\/p>\n","protected":false},"excerpt":{"rendered":"<p>\u00a1Nos encantar\u00e1 que nos digas cu\u00e1l de nuestros trabajos de animaci\u00f3n es tu favorito! H\u00e1ganoslo saber en el contacto o env\u00edenos un correo electr\u00f3nico \ud83d\ude42<\/p>\n","protected":false},"author":1,"featured_media":0,"parent":0,"menu_order":0,"comment_status":"closed","ping_status":"closed","template":"","meta":{"give_campaign_id":0,"om_disable_all_campaigns":false,"_uf_show_specific_survey":0,"_uf_disable_surveys":false,"footnotes":""},"class_list":["post-906","page","type-page","status-publish","hentry"],"aioseo_notices":[],"campaignId":"","_links":{"self":[{"href":"https:\/\/quanticanimation.com\/es\/wp-json\/wp\/v2\/pages\/906","targetHints":{"allow":["GET"]}}],"collection":[{"href":"https:\/\/quanticanimation.com\/es\/wp-json\/wp\/v2\/pages"}],"about":[{"href":"https:\/\/quanticanimation.com\/es\/wp-json\/wp\/v2\/types\/page"}],"author":[{"embeddable":true,"href":"https:\/\/quanticanimation.com\/es\/wp-json\/wp\/v2\/users\/1"}],"replies":[{"embeddable":true,"href":"https:\/\/quanticanimation.com\/es\/wp-json\/wp\/v2\/comments?post=906"}],"version-history":[{"count":1,"href":"https:\/\/quanticanimation.com\/es\/wp-json\/wp\/v2\/pages\/906\/revisions"}],"predecessor-version":[{"id":907,"href":"https:\/\/quanticanimation.com\/es\/wp-json\/wp\/v2\/pages\/906\/revisions\/907"}],"wp:attachment":[{"href":"https:\/\/quanticanimation.com\/es\/wp-json\/wp\/v2\/media?parent=906"}],"curies":[{"name":"wp","href":"https:\/\/api.w.org\/{rel}","templated":true}]}}